{"id":108,"date":"2015-07-20T19:48:36","date_gmt":"2015-07-20T19:48:36","guid":{"rendered":"http:\/\/www.drgrondin.com\/fr\/?page_id=108"},"modified":"2025-10-16T13:45:08","modified_gmt":"2025-10-16T13:45:08","slug":"trauma","status":"publish","type":"page","link":"http:\/\/www.drgrondin.com\/fr\/trauma\/","title":{"rendered":"Trauma"},"content":{"rendered":"<p><a href=\"http:\/\/www.drgrondin.com\/fr\/wp-content\/uploads\/2014\/01\/TRAUMA-general-french.pdf\">Trauma Tous<\/a> &#8211; Trauma G\u00e9n\u00e9ral<\/p>\n<p><a href=\"http:\/\/www.drgrondin.com\/fr\/wp-content\/uploads\/2025\/10\/Upper-extremity-fracture-instructions-french-2.pdf\">Trauma MS<\/a> &#8211; Trauma Membre Sup\u00e9rieur<\/p>\n<p><a href=\"http:\/\/www.drgrondin.com\/fr\/wp-content\/uploads\/2025\/10\/LOWER-EXTREMITY-TRAUMA-PATIENT-INSTRUCTIONS-french-2.pdf\">Trauma MI<\/a> &#8211; Trauma Membre Inf\u00e9rieur<\/p>\n<p><a href=\"http:\/\/www.drgrondin.com\/fr\/wp-content\/uploads\/2015\/07\/Skeleton_French_watermark_v5.jpg\"><img loading=\"lazy\" decoding=\"async\" class=\"aligncenter size-full wp-image-160\" src=\"http:\/\/www.drgrondin.com\/fr\/wp-content\/uploads\/2015\/07\/Skeleton_French_watermark_v5.jpg\" alt=\"Skeleton_French\" width=\"800\" height=\"1060\" srcset=\"http:\/\/www.drgrondin.com\/fr\/wp-content\/uploads\/2015\/07\/Skeleton_French_watermark_v5.jpg 800w, http:\/\/www.drgrondin.com\/fr\/wp-content\/uploads\/2015\/07\/Skeleton_French_watermark_v5-226x300.jpg 226w, http:\/\/www.drgrondin.com\/fr\/wp-content\/uploads\/2015\/07\/Skeleton_French_watermark_v5-772x1024.jpg 772w\" sizes=\"auto, (max-width: 800px) 100vw, 800px\" \/><\/a><\/p>\n","protected":false},"excerpt":{"rendered":"<p>Trauma Tous &#8211; Trauma G\u00e9n\u00e9ral Trauma MS &#8211; Trauma Membre Sup\u00e9rieur Trauma MI &#8211; Trauma Membre Inf\u00e9rieur<\/p>\n","protected":false},"author":1,"featured_media":0,"parent":0,"menu_order":0,"comment_status":"open","ping_status":"open","template":"","meta":{"footnotes":""},"class_list":["post-108","page","type-page","status-publish","hentry"],"_links":{"self":[{"href":"http:\/\/www.drgrondin.com\/fr\/wp-json\/wp\/v2\/pages\/108","targetHints":{"allow":["GET"]}}],"collection":[{"href":"http:\/\/www.drgrondin.com\/fr\/wp-json\/wp\/v2\/pages"}],"about":[{"href":"http:\/\/www.drgrondin.com\/fr\/wp-json\/wp\/v2\/types\/page"}],"author":[{"embeddable":true,"href":"http:\/\/www.drgrondin.com\/fr\/wp-json\/wp\/v2\/users\/1"}],"replies":[{"embeddable":true,"href":"http:\/\/www.drgrondin.com\/fr\/wp-json\/wp\/v2\/comments?post=108"}],"version-history":[{"count":9,"href":"http:\/\/www.drgrondin.com\/fr\/wp-json\/wp\/v2\/pages\/108\/revisions"}],"predecessor-version":[{"id":406,"href":"http:\/\/www.drgrondin.com\/fr\/wp-json\/wp\/v2\/pages\/108\/revisions\/406"}],"wp:attachment":[{"href":"http:\/\/www.drgrondin.com\/fr\/wp-json\/wp\/v2\/media?parent=108"}],"curies":[{"name":"wp","href":"https:\/\/api.w.org\/{rel}","templated":true}]}}