{"id":115,"date":"2015-07-20T21:01:20","date_gmt":"2015-07-20T21:01:20","guid":{"rendered":"http:\/\/www.drgrondin.com\/fr\/?page_id=115"},"modified":"2015-07-21T21:05:32","modified_gmt":"2015-07-21T21:05:32","slug":"csst","status":"publish","type":"page","link":"http:\/\/www.drgrondin.com\/fr\/csst\/","title":{"rendered":"CSST"},"content":{"rendered":"<h3 dir=\"ltr\">SP\u00c9CIALISTES QUI FONT LES REMS (Rapport d\u2019\u00c9valuation M\u00e9dicale)<\/h3>\n<p dir=\"ltr\"><strong>Dr Danielle Desloges<\/strong><br \/>\n35 Port-Royal est, 1er \u00e9tage<br \/>\nMtl, QC H3L 3T1<br \/>\nT (514) 873-1923 \/ \u00a0TC (514 873 1622)<\/p>\n<p dir=\"ltr\"><strong>Dr Jules Boivin<\/strong><br \/>\n1 Complex Desjardins, tour du sud, 35i\u00e8me \u00e9tage, C.P. Succursale place Desjardins<br \/>\nMtl, QC H5B 1H1<br \/>\nT (418) 527-8407<\/p>\n<p dir=\"ltr\"><strong>Dr Serge Tohme<\/strong><br \/>\nClinique d&#8217;Orthop\u00e9die du sud-ouest. 1550 avenue Dollars<br \/>\nLasalle, QC H8N 1T6<br \/>\nT (514) 363-0580<\/p>\n<p dir=\"ltr\"><strong>Dr. Claude Godin<\/strong><br \/>\n3875 Saint Urbain<br \/>\nMtl, QC H2W 1V1<br \/>\nT (514) 849-8391<\/p>\n","protected":false},"excerpt":{"rendered":"<p>SP\u00c9CIALISTES QUI FONT LES REMS (Rapport d\u2019\u00c9valuation M\u00e9dicale) Dr Danielle Desloges 35 Port-Royal est, 1er \u00e9tage Mtl, QC H3L 3T1 T (514) 873-1923 \/ \u00a0TC (514 873 1622) Dr Jules Boivin 1 Complex Desjardins, tour du sud, 35i\u00e8me \u00e9tage, C.P. Succursale place Desjardins Mtl, QC H5B 1H1 T (418) 527-8407 Dr Serge Tohme Clinique d&#8217;Orthop\u00e9die [&hellip;]<\/p>\n","protected":false},"author":1,"featured_media":0,"parent":0,"menu_order":0,"comment_status":"open","ping_status":"open","template":"","meta":{"footnotes":""},"class_list":["post-115","page","type-page","status-publish","hentry"],"_links":{"self":[{"href":"http:\/\/www.drgrondin.com\/fr\/wp-json\/wp\/v2\/pages\/115","targetHints":{"allow":["GET"]}}],"collection":[{"href":"http:\/\/www.drgrondin.com\/fr\/wp-json\/wp\/v2\/pages"}],"about":[{"href":"http:\/\/www.drgrondin.com\/fr\/wp-json\/wp\/v2\/types\/page"}],"author":[{"embeddable":true,"href":"http:\/\/www.drgrondin.com\/fr\/wp-json\/wp\/v2\/users\/1"}],"replies":[{"embeddable":true,"href":"http:\/\/www.drgrondin.com\/fr\/wp-json\/wp\/v2\/comments?post=115"}],"version-history":[{"count":3,"href":"http:\/\/www.drgrondin.com\/fr\/wp-json\/wp\/v2\/pages\/115\/revisions"}],"predecessor-version":[{"id":126,"href":"http:\/\/www.drgrondin.com\/fr\/wp-json\/wp\/v2\/pages\/115\/revisions\/126"}],"wp:attachment":[{"href":"http:\/\/www.drgrondin.com\/fr\/wp-json\/wp\/v2\/media?parent=115"}],"curies":[{"name":"wp","href":"https:\/\/api.w.org\/{rel}","templated":true}]}}