{"id":117,"date":"2015-07-20T21:01:50","date_gmt":"2015-07-20T21:01:50","guid":{"rendered":"http:\/\/www.drgrondin.com\/fr\/?page_id=117"},"modified":"2015-07-25T19:09:34","modified_gmt":"2015-07-25T19:09:34","slug":"pour-physiotherapeutes","status":"publish","type":"page","link":"http:\/\/www.drgrondin.com\/fr\/pour-physiotherapeutes\/","title":{"rendered":"Pour Physioth\u00e9rapeutes"},"content":{"rendered":"<p>\u00c9PAULE<\/p>\n<p><a href=\"http:\/\/www.drgrondin.com\/fr\/wp-content\/uploads\/2015\/07\/Protocole-r\u00e9paration-coiffe-24-avril-15.pdf\">Protocole r\u00e9paration coiffe<\/a><\/p>\n<p><a href=\"http:\/\/www.drgrondin.com\/fr\/wp-content\/uploads\/2015\/07\/Protocole-Bankart-24-avril-15.pdf\">Protocole Bankart<\/a><\/p>\n<p><a href=\"http:\/\/www.drgrondin.com\/fr\/wp-content\/uploads\/2015\/07\/Protocole-de-traitement-capsulite-\u00e0-l\u00e9paule_-juin-15.pdf\">Protocole de traitement capsulite \u00e0 l&#8217;\u00e9paule<\/a><\/p>\n<p><a href=\"http:\/\/www.drgrondin.com\/fr\/wp-content\/uploads\/2015\/07\/Protocole-Latarjet-24-avril-15.pdf\">Protocole Latarjet<\/a><\/p>\n<p>COUDE\/MAIN<\/p>\n<p>GENOU<\/p>\n<p><a href=\"http:\/\/www.drgrondin.com\/fr\/wp-content\/uploads\/2015\/07\/Protocole-ligament-crois\u00e9-ant\u00e9rieur-9-mai-14.pdf\">Protocole ligament crois\u00e9 ant\u00e9rieur<\/a><\/p>\n<p><a href=\"http:\/\/www.drgrondin.com\/fr\/wp-content\/uploads\/2015\/07\/Protocole-ligament-crois\u00e9-post\u00e9rieur-27-nov-14.pdf\">Protocole ligament crois\u00e9 post\u00e9rieur<\/a><\/p>\n<p>TRAUMA<\/p>\n<p><a href=\"http:\/\/www.drgrondin.com\/fr\/wp-content\/uploads\/2015\/07\/Protocole-r\u00e9paration-tendon-dachille_8-juin-15.pdf\">Protocole r\u00e9paration tendon d&#8217;achille<\/a><\/p>\n","protected":false},"excerpt":{"rendered":"<p>\u00c9PAULE Protocole r\u00e9paration coiffe Protocole Bankart Protocole de traitement capsulite \u00e0 l&#8217;\u00e9paule Protocole Latarjet COUDE\/MAIN GENOU Protocole ligament crois\u00e9 ant\u00e9rieur Protocole ligament crois\u00e9 post\u00e9rieur TRAUMA Protocole r\u00e9paration tendon d&#8217;achille<\/p>\n","protected":false},"author":1,"featured_media":0,"parent":0,"menu_order":0,"comment_status":"open","ping_status":"open","template":"","meta":{"footnotes":""},"class_list":["post-117","page","type-page","status-publish","hentry"],"_links":{"self":[{"href":"http:\/\/www.drgrondin.com\/fr\/wp-json\/wp\/v2\/pages\/117","targetHints":{"allow":["GET"]}}],"collection":[{"href":"http:\/\/www.drgrondin.com\/fr\/wp-json\/wp\/v2\/pages"}],"about":[{"href":"http:\/\/www.drgrondin.com\/fr\/wp-json\/wp\/v2\/types\/page"}],"author":[{"embeddable":true,"href":"http:\/\/www.drgrondin.com\/fr\/wp-json\/wp\/v2\/users\/1"}],"replies":[{"embeddable":true,"href":"http:\/\/www.drgrondin.com\/fr\/wp-json\/wp\/v2\/comments?post=117"}],"version-history":[{"count":4,"href":"http:\/\/www.drgrondin.com\/fr\/wp-json\/wp\/v2\/pages\/117\/revisions"}],"predecessor-version":[{"id":148,"href":"http:\/\/www.drgrondin.com\/fr\/wp-json\/wp\/v2\/pages\/117\/revisions\/148"}],"wp:attachment":[{"href":"http:\/\/www.drgrondin.com\/fr\/wp-json\/wp\/v2\/media?parent=117"}],"curies":[{"name":"wp","href":"https:\/\/api.w.org\/{rel}","templated":true}]}}