{"id":119,"date":"2015-07-20T21:02:13","date_gmt":"2015-07-20T21:02:13","guid":{"rendered":"http:\/\/www.drgrondin.com\/fr\/?page_id=119"},"modified":"2025-02-05T16:05:13","modified_gmt":"2025-02-05T16:05:13","slug":"pour-medecins","status":"publish","type":"page","link":"http:\/\/www.drgrondin.com\/fr\/pour-medecins\/","title":{"rendered":"Pour M\u00e9decins"},"content":{"rendered":"<h3>Diagnostiques trait\u00e9s par le Dr. Grondin: SVP envoyez vos consultations par fax au au 514 412 7000<\/h3>\n<p><strong>\u00c9paules<\/strong><\/p>\n<ul>\n<li>Accrochage\/bursite\/tendinite ou tendinose de la coiffe des rotateurs (acromioplastie)<\/li>\n<li>D\u00e9chirure de coiffe (r\u00e9paration)<\/li>\n<li>Capsulite (caspulotomie\/manipulation)<\/li>\n<li>Instabilit\u00e9 (ant\u00e9rieure-bankart, post\u00e9rieure)(r\u00e9paration de Bankart, Latarjet)<\/li>\n<li>Labrum d\u00e9chir\u00e9 (sup\u00e9rieur-SLAP)(r\u00e9paration)<\/li>\n<li>Douleur\/Ost\u00e9olyse de la clavicule distale (r\u00e9section de la clavicule distale)<\/li>\n<li>Instabilit\u00e9 de l\u2019articulation acromio-claviculaire (AC) (Reconstruction AC)<\/li>\n<li>Ost\u00e9oarthrose de l\u2019\u00e9paule (proth\u00e8se totale de l\u2019\u00e9paule) si plus vieux que 70 ans<\/li>\n<li>Arthropathie de d\u00e9chirure de coiffe (proth\u00e8se invers\u00e9 de l\u2019\u00e9paule)<\/li>\n<li>Non union de la clavicule (ROFI de la clavicule)<\/li>\n<li>Beaucoup d\u2019autre diagnostique d\u2019\u00e9paule<\/li>\n<\/ul>\n<p><strong>Coude<\/strong><\/p>\n<ul>\n<li>\u00c9picondylite externe (rel\u00e2chement sous anesth\u00e9sie locale)<\/li>\n<li>\u00c9picondylite interne\u00a0 (rel\u00e2chement sous anesth\u00e9sie locale)<\/li>\n<li>Instabilit\u00e9 lat\u00e9rale ou m\u00e9diale (reconstruction RUCL ou MUCL)<\/li>\n<li>Souris Articulaire (excision par arthroscopie)<\/li>\n<li>Syndrome du tunnel cubital (transfer du nerf cubital)<\/li>\n<li>Arthrose (proth\u00e8se de coude)<\/li>\n<li>D\u00e9chirure chronique du biceps (r\u00e9paration\/reconstruction du biceps)<\/li>\n<li>Ankylose (arthrolyse)<\/li>\n<\/ul>\n<p><strong>Poignet \/ Main<\/strong><\/p>\n<ul>\n<li>Tunnel carpien (rel\u00e2chement)<\/li>\n<li>Tenosynovite de Dequervain (rel\u00e2chement)<\/li>\n<li>Syndrome d\u2019impaction cubital (ost\u00e9otomie de raccourcissement du cubitus)<\/li>\n<li>Doigt g\u00e2chette (rel\u00e2chement)<\/li>\n<\/ul>\n<p><strong>Genou<\/strong><\/p>\n<ul>\n<li>D\u00e9chirure m\u00e9niscale (m\u00e9niscectomie ou r\u00e9paration m\u00e9niscale)<\/li>\n<li>D\u00e9chirure du ligament crois\u00e9 ant\u00e9rieure (reconstruction)<\/li>\n<li>Souris articulaire (r\u00e9section par arthroscopie)Ankylose (rel\u00e2chement)<\/li>\n<li>Ost\u00e9otomie Valgisante<\/li>\n<\/ul>\n<p>Malgr\u00e9 un tr\u00e8s haut niveau de s\u00e9curit\u00e9, le serveur de gmail d\u00e9ploie une s\u00e9curit\u00e9 anti-piratage standard. Cette s\u00e9curit\u00e9 est plus basse qu&#8217;une s\u00e9curit\u00e9 hospitali\u00e8re. Vous consentez \u00e0 ce niveau de s\u00e9curit\u00e9 en utilisant notre courriel dans les communications.<\/p>\n","protected":false},"excerpt":{"rendered":"<p>Diagnostiques trait\u00e9s par le Dr. Grondin: SVP envoyez vos consultations par fax au au 514 412 7000 \u00c9paules Accrochage\/bursite\/tendinite ou tendinose de la coiffe des rotateurs (acromioplastie) D\u00e9chirure de coiffe (r\u00e9paration) Capsulite (caspulotomie\/manipulation) Instabilit\u00e9 (ant\u00e9rieure-bankart, post\u00e9rieure)(r\u00e9paration de Bankart, Latarjet) Labrum d\u00e9chir\u00e9 (sup\u00e9rieur-SLAP)(r\u00e9paration) Douleur\/Ost\u00e9olyse de la clavicule distale (r\u00e9section de la clavicule distale) Instabilit\u00e9 de l\u2019articulation [&hellip;]<\/p>\n","protected":false},"author":1,"featured_media":0,"parent":0,"menu_order":0,"comment_status":"open","ping_status":"open","template":"","meta":{"footnotes":""},"class_list":["post-119","page","type-page","status-publish","hentry"],"_links":{"self":[{"href":"http:\/\/www.drgrondin.com\/fr\/wp-json\/wp\/v2\/pages\/119","targetHints":{"allow":["GET"]}}],"collection":[{"href":"http:\/\/www.drgrondin.com\/fr\/wp-json\/wp\/v2\/pages"}],"about":[{"href":"http:\/\/www.drgrondin.com\/fr\/wp-json\/wp\/v2\/types\/page"}],"author":[{"embeddable":true,"href":"http:\/\/www.drgrondin.com\/fr\/wp-json\/wp\/v2\/users\/1"}],"replies":[{"embeddable":true,"href":"http:\/\/www.drgrondin.com\/fr\/wp-json\/wp\/v2\/comments?post=119"}],"version-history":[{"count":11,"href":"http:\/\/www.drgrondin.com\/fr\/wp-json\/wp\/v2\/pages\/119\/revisions"}],"predecessor-version":[{"id":388,"href":"http:\/\/www.drgrondin.com\/fr\/wp-json\/wp\/v2\/pages\/119\/revisions\/388"}],"wp:attachment":[{"href":"http:\/\/www.drgrondin.com\/fr\/wp-json\/wp\/v2\/media?parent=119"}],"curies":[{"name":"wp","href":"https:\/\/api.w.org\/{rel}","templated":true}]}}