{"id":142,"date":"2015-07-24T14:47:04","date_gmt":"2015-07-24T14:47:04","guid":{"rendered":"http:\/\/www.drgrondin.com\/fr\/?page_id=142"},"modified":"2024-02-07T01:53:35","modified_gmt":"2024-02-07T01:53:35","slug":"liens","status":"publish","type":"page","link":"http:\/\/www.drgrondin.com\/fr\/liens\/","title":{"rendered":"Liens"},"content":{"rendered":"<p><a href=\"https:\/\/www.chumontreal.qc.ca\/crchum\/chercheurs\/philippe-grondin\" target=\"_blank\" rel=\"noopener noreferrer\">Profile du Dr. Grondin sur le site web du CHUM<\/a><\/p>\n<p><a href=\"https:\/\/www.ratemds.com\/doctor-ratings\/945959\/Dr-Philippe-Grondin-Montreal-QC.html\" target=\"_blank\" rel=\"noopener noreferrer\">Revues du Dr Grondin sur site web RateMDs.com<\/a><\/p>\n<p><a href=\"https:\/\/laboratoireevo.com\/\" target=\"_blank\" rel=\"noopener noreferrer\">Orth\u00e9sistes EVO: 1851 Sherbrooke Est suite 401, Montr\u00e9al<\/a><\/p>\n<p><a href=\"http:\/\/readaptation-universelle.com\/cliniques\/molson\/\" target=\"_blank\" rel=\"noopener noreferrer\">Clinique de Physioth\u00e9rapie R\u00e9adaptation Universelle<\/a><\/p>\n<p><a href=\"http:\/\/www.bajemastudios.com\" target=\" _blank\" rel=\"noopener noreferrer\">Bajema Studios: Animations et Illustrations m\u00e9dicales<\/a><\/p>\n<p><a href=\"http:\/\/www.legerradiologie.qc.ca\" target=\" _blank\" rel=\"noopener noreferrer\">Clinique de Radiologie Leger 514 523 2121<\/a><\/p>\n<p><a href=\"http:\/\/www.radiologix.ca\/fr\/cliniques-services\/radiologix-angus.html\" target=\" _blank\" rel=\"noopener noreferrer\">Clinique de Radiologie Radiologix 514 228 5153<\/a><\/p>\n<p><a href=\"http:\/\/www.drgrondin.com\/fr\/wp-content\/uploads\/2015\/07\/free-clinics-for-65-yo-rotated4.pdf\">Cliniques de Physioth\u00e9rapie \u00e0 prix r\u00e9duits pour personnes de 65 ans et plus<\/a><\/p>\n","protected":false},"excerpt":{"rendered":"<p>Profile du Dr. Grondin sur le site web du CHUM Revues du Dr Grondin sur site web RateMDs.com Orth\u00e9sistes EVO: 1851 Sherbrooke Est suite 401, Montr\u00e9al Clinique de Physioth\u00e9rapie R\u00e9adaptation Universelle Bajema Studios: Animations et Illustrations m\u00e9dicales Clinique de Radiologie Leger 514 523 2121 Clinique de Radiologie Radiologix 514 228 5153 Cliniques de Physioth\u00e9rapie \u00e0 [&hellip;]<\/p>\n","protected":false},"author":1,"featured_media":0,"parent":0,"menu_order":0,"comment_status":"open","ping_status":"open","template":"","meta":{"footnotes":""},"class_list":["post-142","page","type-page","status-publish","hentry"],"_links":{"self":[{"href":"http:\/\/www.drgrondin.com\/fr\/wp-json\/wp\/v2\/pages\/142","targetHints":{"allow":["GET"]}}],"collection":[{"href":"http:\/\/www.drgrondin.com\/fr\/wp-json\/wp\/v2\/pages"}],"about":[{"href":"http:\/\/www.drgrondin.com\/fr\/wp-json\/wp\/v2\/types\/page"}],"author":[{"embeddable":true,"href":"http:\/\/www.drgrondin.com\/fr\/wp-json\/wp\/v2\/users\/1"}],"replies":[{"embeddable":true,"href":"http:\/\/www.drgrondin.com\/fr\/wp-json\/wp\/v2\/comments?post=142"}],"version-history":[{"count":22,"href":"http:\/\/www.drgrondin.com\/fr\/wp-json\/wp\/v2\/pages\/142\/revisions"}],"predecessor-version":[{"id":369,"href":"http:\/\/www.drgrondin.com\/fr\/wp-json\/wp\/v2\/pages\/142\/revisions\/369"}],"wp:attachment":[{"href":"http:\/\/www.drgrondin.com\/fr\/wp-json\/wp\/v2\/media?parent=142"}],"curies":[{"name":"wp","href":"https:\/\/api.w.org\/{rel}","templated":true}]}}