{"id":2,"date":"2013-12-02T15:43:02","date_gmt":"2013-12-02T15:43:02","guid":{"rendered":"http:\/\/www.drgrondin.com\/fr\/?page_id=2"},"modified":"2025-12-29T21:56:34","modified_gmt":"2025-12-29T21:56:34","slug":"about","status":"publish","type":"page","link":"http:\/\/www.drgrondin.com\/fr\/","title":{"rendered":"\u00c0 propos du Dr Philippe Grondin"},"content":{"rendered":"<p><span style=\"color: #888888;\"><a href=\"http:\/\/www.drgrondin.com\/wp-content\/uploads\/2013\/12\/phil-white-crop.jpg\"><img loading=\"lazy\" decoding=\"async\" class=\"alignleft size full wp-image-292\" src=\"http:\/\/www.drgrondin.com\/wp-content\/uploads\/2013\/12\/phil-white-crop.jpg\" alt=\"\" width=\"173\" height=\"155\"><\/a>Dipl\u00f4m\u00e9 de la Facult\u00e9 de m\u00e9decine de l&#8217;Universit\u00e9 McGill en 2001, le docteur Philippe Grondin effectue sa r\u00e9sidence en orthop\u00e9die \u00e0 l&#8217;Universit\u00e9 Queen&#8217;s (Kingston, ON) et \u00e0 l&#8217;Universit\u00e9 de Montr\u00e9al de 2001 \u00e0 2006. Entre 2006 et 2008, il compl\u00e8te deux fellowships \u00e0 l&#8217;Universit\u00e9 de la Colombie Britannique, \u00e0 Vancouver, le premier en chirurgie arthroscopique et le second en chirurgie arthroscopique et ouverte du membre sup\u00e9rieur (\u00e9paule et coude).<\/span><\/p>\n<p><span style=\"color: #888888;\">Dr Grondin retourne au Qu\u00e9bec en 2008 pour pratiquer au CHUM. Le CHUM, relocalis\u00e9 et reconstruit en 2017, est \u00e0 la fine pointe de la technologie. Il contient 772 lits et 39 salles op\u00e9ratoires ce qui le classe comme un des plus gros centre hospitalier en Am\u00e9rique du Nord.<\/span><\/p>\n<p><span style=\"color: #888888;\">Au CHUM, le Dr Grondin travaille avec 10 autres chirurgiens orthop\u00e9distes pour avancer la science orthop\u00e9dique et les soins aux patients. <\/span><\/p>\n<p><span style=\"color: #888888;\">Son champ principal d&#8217;activit\u00e9 et d&#8217;expertise se centre sur la chirurgie &#8211;arthroscopique et ouverte&#8211; de l&#8217;\u00e9paule et du coude, la chirurgie arthroscopique du genou ainsi que la chirurgie locale de coude, du poignet et de la main.<\/span><\/p>\n<hr>\n<h3>Recherche et travaux d\u2019\u00e9rudition<\/h3>\n<p><span style=\"color: #888888;\">1999 Huber M, Izzi L, <b>Grondin P<\/b>, Houde C, Kunath T, Veillette A, Beauchemin N J .&nbsp; La r\u00e9gion carboxy-terminale de la glycoprot\u00e9ine biliaire contr\u00f4le la phosphorylation de sa tyrosine et son association avec les phosphatases de prot\u00e9ine tyrosines SHP-1 et SHP-2 dans les cellules \u00e9pith\u00e9liales Biol Chem Jan1;274(1):335-44.<\/span><\/p>\n<p><span style=\"color: #888888;\">2004&nbsp;: Lavigne P<b>, <\/b>Shi Q, Lajeunesse D, <b>Grondin P,<\/b> Lorrain J, Fernandes JC. sICAM comme t\u00e9moin de m\u00e9tabolisme osseux. Pr\u00e9sentation pour la journ\u00e9e de Recherche de l\u2019Universit\u00e9 de Montr\u00e9al:<\/span><\/p>\n<p><span style=\"color: #888888;\">2009&nbsp; Regan W, <b>Grondin P<\/b> What are the indications for surgery and what is the best surgical treatment for chronic lateral epicondylitis? Dans <em>Evidence-Based Orthopaedics by Dr. James Wright. <\/em>Philadelphia, \u00c9.U., Elsevier. <em>2009 Chapitre 22. Pages 158-167.<\/em><\/span><\/p>\n<p><span style=\"color: #888888;\">2009 W. Regan, <b>Grondin P<\/b>, Morrey B.&nbsp; Elbow tendinopathies. B&nbsp; Dans De Lee &amp; Drez\u2019s Orthopaedic sports medicine 3<sup>i\u00e8me<\/sup> \u00e9dition.&nbsp; Philadelphia, \u00c9.U., Elsevier. 2009. Volume 2 Ch 23 Section pages 1197-1213.<\/span><\/p>\n<p><span style=\"color: #888888;\">2009 <b>Grondin P<\/b>, Leith Jordan.&nbsp; Combined large Hill Sachs Lesion and large bony Bankart treated by Latarjet and partial humeral head resurfacing: a report of 2 cases.&nbsp; Can J Surg. 2009 Jun; 52(3):249-54<\/span><\/p>\n<p><span style=\"color: #808080;\">2018 Eugen L, Bureau N, <b>Grondin P<\/b>, T\u00e9treault P. Ultrasound-guided tendon fenestration versus open-release surgery for the treatment of chronic lateral epicondylosis of the elbow: protocol for a prospective, randomised, single blinded study. BMJ Open. Jun 9;8(6):e021373. doi: 10.1136\/bmjopen-2017-021373. <\/span><\/p>\n<p>[\/ezcol_2third] [ezcol_1third_end]<br \/>\n<img loading=\"lazy\" decoding=\"async\" class=\"alignright size-full wp-image-366\" src=\"http:\/\/www.drgrondin.com\/wp-content\/uploads\/2013\/12\/the-new-chum.jpg\" alt=\"New CHUM\" width=\"773\" height=\"511\"> <strong><span style=\"color: #808080;\">Le nouveau CHUM<\/span><\/strong><\/p>\n<p><strong><span style=\"color: #808080;\">Pour ouvrir un dossier patient au CHUM:&nbsp; <\/span><\/strong><span style=\"color: #808080;\">Appelez le centre du rendez vous au 514 890 8051.&nbsp; Option 4 puis Option 1.<\/span><\/p>\n<p><span style=\"color: #808080;\"><strong>Nouvelles consultations pour voir le Dr. Grondin&nbsp; <\/strong><\/span><span style=\"color: #808080;\">&nbsp;par Fax 514 412 7000&nbsp;<\/span><\/p>\n<p><span style=\"color: #808080;\">Pour r\u00e9pondre \u00e0 la demande excessive, <strong>les cliniques sont surcharg\u00e9es.<\/strong> Il faut s&#8217;attendre \u00e0 passer en moyenne <strong>1 \u00e0 4 heures<\/strong> \u00e0 l&#8217;h\u00f4pital pour chaque visite. Nous nous excusons pour ce d\u00e9sagr\u00e9ment.&nbsp; Apportez un livre ou votre ordinateur portable. Le wifi est gratuit.<\/span><\/p>\n<p><span style=\"color: #888888;\"><strong>Centre du Rendez vous: <\/strong><br \/>\n514 890 8051<\/span><\/p>\n<p><span style=\"color: #888888;\"><strong>Secr\u00e9tariat du service d&#8217;orthop\u00e9die du CHUM : <\/strong>514 890 8000 ext 25900<\/span><\/p>\n<p><span style=\"color: #888888;\"><strong>Physio au CHUM:<\/strong> 514 890 8301.&nbsp; <\/span><span style=\"color: #888888;\">courriel:<br \/>\npoint-de-chute.chum@ssss.gouv.qc.ca<\/span><\/p>\n<p><span style=\"color: #888888;\"><strong>Pharmacie Proxim:<\/strong> situ\u00e9e \u00e0 l&#8217;int\u00e9rieur du CHUM 514 284 5551. Vente de b\u00e9quilles ici. <\/span><\/p>\n<p><span style=\"color: #888888;\"><strong>Le centre d&#8217;appel post op\u00e9ratoire:<\/strong> 514 890 8086<br \/>\npour vos inqui\u00e9tudes\/questions durant les 2 premiers mois post op\u00e9ratoires.<\/span><\/p>\n<p><span style=\"color: #888888;\"><strong>Pour une copie de votre dossier m\u00e9dical: Archives du CHUM<\/strong><br \/>\nTel 514 890 8328.&nbsp; Fax 514 412 7606<br \/>\ndivulgation.archives.chum@ssss.gouv.qc.ca<\/span><\/p>\n<p><span style=\"color: #888888;\"><strong>Orth\u00e8ses: <\/strong> EVO: 438 386 6966<br \/>\nBBG INc: 514 484 4715 ou autre magasin d&#8217;orth\u00e8se tel que M\u00e9dicus<\/span><\/p>\n<p><span style=\"color: #808080;\">Malgr\u00e9 un tr\u00e8s haut niveau de s\u00e9curit\u00e9, le serveur de gmail d\u00e9ploie une s\u00e9curit\u00e9 anti-piratage standard. Cette s\u00e9curit\u00e9 est plus basse qu&#8217;une s\u00e9curit\u00e9 hospitali\u00e8re. Vous consentez \u00e0 ce niveau de s\u00e9curit\u00e9 en utilisant notre courriel dans les communications.<\/span><\/p>\n<p><strong>&nbsp;<\/strong><\/p>\n<p><strong>&nbsp;<\/strong><\/p>\n","protected":false},"excerpt":{"rendered":"<p>Dipl\u00f4m\u00e9 de la Facult\u00e9 de m\u00e9decine de l&#8217;Universit\u00e9 McGill en 2001, le docteur Philippe Grondin effectue sa r\u00e9sidence en orthop\u00e9die \u00e0 l&#8217;Universit\u00e9 Queen&#8217;s (Kingston, ON) et \u00e0 l&#8217;Universit\u00e9 de Montr\u00e9al de 2001 \u00e0 2006. Entre 2006 et 2008, il compl\u00e8te deux fellowships \u00e0 l&#8217;Universit\u00e9 de la Colombie Britannique, \u00e0 Vancouver, le premier en chirurgie arthroscopique [&hellip;]<\/p>\n","protected":false},"author":1,"featured_media":0,"parent":0,"menu_order":0,"comment_status":"closed","ping_status":"closed","template":"full-width-page.php","meta":{"footnotes":""},"class_list":["post-2","page","type-page","status-publish","hentry"],"_links":{"self":[{"href":"http:\/\/www.drgrondin.com\/fr\/wp-json\/wp\/v2\/pages\/2","targetHints":{"allow":["GET"]}}],"collection":[{"href":"http:\/\/www.drgrondin.com\/fr\/wp-json\/wp\/v2\/pages"}],"about":[{"href":"http:\/\/www.drgrondin.com\/fr\/wp-json\/wp\/v2\/types\/page"}],"author":[{"embeddable":true,"href":"http:\/\/www.drgrondin.com\/fr\/wp-json\/wp\/v2\/users\/1"}],"replies":[{"embeddable":true,"href":"http:\/\/www.drgrondin.com\/fr\/wp-json\/wp\/v2\/comments?post=2"}],"version-history":[{"count":83,"href":"http:\/\/www.drgrondin.com\/fr\/wp-json\/wp\/v2\/pages\/2\/revisions"}],"predecessor-version":[{"id":419,"href":"http:\/\/www.drgrondin.com\/fr\/wp-json\/wp\/v2\/pages\/2\/revisions\/419"}],"wp:attachment":[{"href":"http:\/\/www.drgrondin.com\/fr\/wp-json\/wp\/v2\/media?parent=2"}],"curies":[{"name":"wp","href":"https:\/\/api.w.org\/{rel}","templated":true}]}}