{"id":24,"date":"2014-01-23T23:30:50","date_gmt":"2014-01-23T23:30:50","guid":{"rendered":"http:\/\/www.drgrondin.com\/fr\/?page_id=24"},"modified":"2024-04-15T14:12:30","modified_gmt":"2024-04-15T14:12:30","slug":"contact","status":"publish","type":"page","link":"http:\/\/www.drgrondin.com\/fr\/contact\/","title":{"rendered":"Contact"},"content":{"rendered":"<p><iframe loading=\"lazy\" src=\"https:\/\/maps.google.ca\/maps?f=q&amp;source=s_q&amp;hl=en&amp;geocode=&amp;q=1051+Sanguinet+Mtl,+Qc+H2X+3E4&amp;aq=&amp;sll=45.535663,-73.593458&amp;sspn=0.19359,0.528374&amp;ie=UTF8&amp;hq=&amp;hnear=1051+Sanguinet,+Montr%C3%A9al,+Communaut%C3%A9-Urbaine-de-Montr%C3%A9al,+Qu%C3%A9bec+H2L+4M1&amp;t=m&amp;z=14&amp;ll=45.526692,-73.564303&amp;output=embed\" width=\"425\" height=\"350\" frameborder=\"0\" marginwidth=\"0\" marginheight=\"0\" scrolling=\"no\"><\/iframe><small><a style=\"color: #043469; text-align: left;\" href=\"https:\/\/maps.google.ca\/maps?f=q&amp;source=embed&amp;hl=en&amp;geocode=&amp;q=1051+Sanguinet+Mtl,+Qc+H2X+3E4&amp;aq=&amp;sll=45.535663,-73.593458&amp;sspn=0.19359,0.528374&amp;ie=UTF8&amp;hq=&amp;hnear=1051+Sanguinet,+Montr%C3%A9al,+Communaut%C3%A9-Urbaine-de-Montr%C3%A9al,+Qu%C3%A9bec+H2L+4M1&amp;t=m&amp;z=14&amp;ll=45.526692,-73.564303\">View Larger Map<\/a><\/small><\/p>\n<p><span style=\"color: #888888;\">CHUM 1051 Rue Sanguinet, Mtl, H2X 3E4<\/span><\/p>\n<p><span style=\"color: #888888;\">Centre de rendez-vous\u00a0514-890-8051<\/span><\/p>\n<p><span style=\"color: #888888;\">\u00a0T\u00e9l 514-890-8000 ext 25900<\/span><\/p>\n<p><span style=\"color: #888888;\">Fax\u00a0514 221 4744\u00a0<\/span><\/p>\n<p><span style=\"color: #888888;\">Email<\/span>\u00a0<a href=\"mailto:drphilippegrondin@gmail.com\" target=\"_blank\" rel=\"noopener noreferrer\">drphilippegrondin@gmail.com<\/a><\/p>\n<p>Dr. Grondin n\u2019est pas r\u00e9mun\u00e9r\u00e9 pour son travail fait par courriel.<\/p>\n<p>Les courriels ne sont que r\u00e9pondus pendant les heures de travail (l-v 8am-5pm)<\/p>\n<p>Les r\u00e9ponses prennent typiquement 3-10 jours \u00e0 venir.\u00a0 De plus long d\u00e9lais peuvent survenir pendant les gardes d\u2019urgence, les conf\u00e9rences et les vacances.<\/p>\n<p>Seule les requ\u00eates\/questions appropri\u00e9es pour un courriel sont r\u00e9pondues par courriel.<\/p>\n","protected":false},"excerpt":{"rendered":"<p>View Larger Map CHUM 1051 Rue Sanguinet, Mtl, H2X 3E4 Centre de rendez-vous\u00a0514-890-8051 \u00a0T\u00e9l 514-890-8000 ext 25900 Fax\u00a0514 221 4744\u00a0 Email\u00a0drphilippegrondin@gmail.com Dr. Grondin n\u2019est pas r\u00e9mun\u00e9r\u00e9 pour son travail fait par courriel. Les courriels ne sont que r\u00e9pondus pendant les heures de travail (l-v 8am-5pm) Les r\u00e9ponses prennent typiquement 3-10 jours \u00e0 venir.\u00a0 De plus [&hellip;]<\/p>\n","protected":false},"author":1,"featured_media":0,"parent":0,"menu_order":0,"comment_status":"open","ping_status":"open","template":"","meta":{"footnotes":""},"class_list":["post-24","page","type-page","status-publish","hentry"],"_links":{"self":[{"href":"http:\/\/www.drgrondin.com\/fr\/wp-json\/wp\/v2\/pages\/24","targetHints":{"allow":["GET"]}}],"collection":[{"href":"http:\/\/www.drgrondin.com\/fr\/wp-json\/wp\/v2\/pages"}],"about":[{"href":"http:\/\/www.drgrondin.com\/fr\/wp-json\/wp\/v2\/types\/page"}],"author":[{"embeddable":true,"href":"http:\/\/www.drgrondin.com\/fr\/wp-json\/wp\/v2\/users\/1"}],"replies":[{"embeddable":true,"href":"http:\/\/www.drgrondin.com\/fr\/wp-json\/wp\/v2\/comments?post=24"}],"version-history":[{"count":7,"href":"http:\/\/www.drgrondin.com\/fr\/wp-json\/wp\/v2\/pages\/24\/revisions"}],"predecessor-version":[{"id":385,"href":"http:\/\/www.drgrondin.com\/fr\/wp-json\/wp\/v2\/pages\/24\/revisions\/385"}],"wp:attachment":[{"href":"http:\/\/www.drgrondin.com\/fr\/wp-json\/wp\/v2\/media?parent=24"}],"curies":[{"name":"wp","href":"https:\/\/api.w.org\/{rel}","templated":true}]}}